{"id":33,"date":"2018-10-03T07:29:59","date_gmt":"2018-10-03T07:29:59","guid":{"rendered":"http:\/\/staging.ccscleaning.com\/?page_id=33"},"modified":"2025-08-19T08:10:27","modified_gmt":"2025-08-19T08:10:27","slug":"home","status":"publish","type":"page","link":"https:\/\/staging.ccscleaning.com\/pl\/","title":{"rendered":"Home"},"content":{"rendered":"","protected":false},"excerpt":{"rendered":"","protected":false},"author":1,"featured_media":0,"parent":0,"menu_order":0,"comment_status":"closed","ping_status":"closed","template":"","meta":{"footnotes":""},"acf":[],"yoast_head":"<!-- This site is optimized with the Yoast SEO plugin v21.9.1 - https:\/\/yoast.com\/wordpress\/plugins\/seo\/ -->\n<title>Profesjonalne Us\u0142ugi Sprz\u0105tania in Poland | Firmy Sprz\u0105taj\u0105ce<\/title>\n<meta name=\"description\" content=\"Uzyskaj profesjonalne us\u0142ugi sprz\u0105tania wiod\u0105cej firmy Poland. Ponad 40 lat do\u015bwiadczenia, 4800 projekt\u00f3w zako\u0144czonych. Call + 48 (0) 77 888 1583 dla eksperci sprz\u0105tania\" \/>\n<meta name=\"robots\" content=\"index, follow, max-snippet:-1, max-image-preview:large, max-video-preview:-1\" \/>\n<link rel=\"canonical\" href=\"https:\/\/staging.ccscleaning.com\/pl\/\" \/>\n<meta property=\"og:locale\" content=\"pl_PL\" \/>\n<meta property=\"og:type\" content=\"article\" \/>\n<meta property=\"og:title\" content=\"Profesjonalne Us\u0142ugi Sprz\u0105tania in Poland | Firmy Sprz\u0105taj\u0105ce\" \/>\n<meta property=\"og:description\" content=\"Uzyskaj profesjonalne us\u0142ugi sprz\u0105tania wiod\u0105cej firmy Poland. Ponad 40 lat do\u015bwiadczenia, 4800 projekt\u00f3w zako\u0144czonych. Call + 48 (0) 77 888 1583 dla eksperci sprz\u0105tania\" \/>\n<meta property=\"og:url\" content=\"https:\/\/staging.ccscleaning.com\/pl\/\" \/>\n<meta property=\"og:site_name\" content=\"CCS Cleaning Poland\" \/>\n<meta property=\"article:modified_time\" content=\"2025-08-19T08:10:27+00:00\" \/>\n<meta name=\"twitter:card\" content=\"summary_large_image\" \/>\n<!-- \/ Yoast SEO plugin. -->","yoast_head_json":{"title":"Profesjonalne Us\u0142ugi Sprz\u0105tania in Poland | Firmy Sprz\u0105taj\u0105ce","description":"Uzyskaj profesjonalne us\u0142ugi sprz\u0105tania wiod\u0105cej firmy Poland. Ponad 40 lat do\u015bwiadczenia, 4800 projekt\u00f3w zako\u0144czonych. Call + 48 (0) 77 888 1583 dla eksperci sprz\u0105tania","robots":{"index":"index","follow":"follow","max-snippet":"max-snippet:-1","max-image-preview":"max-image-preview:large","max-video-preview":"max-video-preview:-1"},"canonical":"https:\/\/staging.ccscleaning.com\/pl\/","og_locale":"pl_PL","og_type":"article","og_title":"Profesjonalne Us\u0142ugi Sprz\u0105tania in Poland | Firmy Sprz\u0105taj\u0105ce","og_description":"Uzyskaj profesjonalne us\u0142ugi sprz\u0105tania wiod\u0105cej firmy Poland. Ponad 40 lat do\u015bwiadczenia, 4800 projekt\u00f3w zako\u0144czonych. Call + 48 (0) 77 888 1583 dla eksperci sprz\u0105tania","og_url":"https:\/\/staging.ccscleaning.com\/pl\/","og_site_name":"CCS Cleaning Poland","article_modified_time":"2025-08-19T08:10:27+00:00","twitter_card":"summary_large_image","schema":{"@context":"https:\/\/schema.org","@graph":[{"@type":"WebPage","@id":"https:\/\/staging.ccscleaning.com\/pl\/","url":"https:\/\/staging.ccscleaning.com\/pl\/","name":"Profesjonalne Us\u0142ugi Sprz\u0105tania in Poland | Firmy Sprz\u0105taj\u0105ce","isPartOf":{"@id":"https:\/\/staging.ccscleaning.com\/pl\/#website"},"datePublished":"2018-10-03T07:29:59+00:00","dateModified":"2025-08-19T08:10:27+00:00","description":"Uzyskaj profesjonalne us\u0142ugi sprz\u0105tania wiod\u0105cej firmy Poland. Ponad 40 lat do\u015bwiadczenia, 4800 projekt\u00f3w zako\u0144czonych. Call + 48 (0) 77 888 1583 dla eksperci sprz\u0105tania","breadcrumb":{"@id":"https:\/\/staging.ccscleaning.com\/pl\/#breadcrumb"},"inLanguage":"pl-PL","potentialAction":[{"@type":"ReadAction","target":["https:\/\/staging.ccscleaning.com\/pl\/"]}]},{"@type":"BreadcrumbList","@id":"https:\/\/staging.ccscleaning.com\/pl\/#breadcrumb","itemListElement":[{"@type":"ListItem","position":1,"name":"Strona g\u0142\u00f3wna","item":"https:\/\/staging.ccscleaning.com\/pl\/"},{"@type":"ListItem","position":2,"name":"Home"}]},{"@type":"WebSite","@id":"https:\/\/staging.ccscleaning.com\/pl\/#website","url":"https:\/\/staging.ccscleaning.com\/pl\/","name":"CCS Cleaning Poland","description":"","potentialAction":[{"@type":"SearchAction","target":{"@type":"EntryPoint","urlTemplate":"https:\/\/staging.ccscleaning.com\/pl\/?s={search_term_string}"},"query-input":"required name=search_term_string"}],"inLanguage":"pl-PL"}]}},"_links":{"self":[{"href":"https:\/\/staging.ccscleaning.com\/pl\/wp-json\/wp\/v2\/pages\/33"}],"collection":[{"href":"https:\/\/staging.ccscleaning.com\/pl\/wp-json\/wp\/v2\/pages"}],"about":[{"href":"https:\/\/staging.ccscleaning.com\/pl\/wp-json\/wp\/v2\/types\/page"}],"author":[{"embeddable":true,"href":"https:\/\/staging.ccscleaning.com\/pl\/wp-json\/wp\/v2\/users\/1"}],"replies":[{"embeddable":true,"href":"https:\/\/staging.ccscleaning.com\/pl\/wp-json\/wp\/v2\/comments?post=33"}],"version-history":[{"count":14,"href":"https:\/\/staging.ccscleaning.com\/pl\/wp-json\/wp\/v2\/pages\/33\/revisions"}],"predecessor-version":[{"id":7237,"href":"https:\/\/staging.ccscleaning.com\/pl\/wp-json\/wp\/v2\/pages\/33\/revisions\/7237"}],"wp:attachment":[{"href":"https:\/\/staging.ccscleaning.com\/pl\/wp-json\/wp\/v2\/media?parent=33"}],"curies":[{"name":"wp","href":"https:\/\/api.w.org\/{rel}","templated":true}]}}