{"id":3674,"date":"2019-07-30T13:03:51","date_gmt":"2019-07-30T13:03:51","guid":{"rendered":"http:\/\/staging.ccscleaning.com\/?page_id=3674"},"modified":"2025-08-19T09:12:47","modified_gmt":"2025-08-19T09:12:47","slug":"legislation","status":"publish","type":"page","link":"https:\/\/staging.ccscleaning.com\/fr\/legislation\/","title":{"rendered":"L\u00e9gislation"},"content":{"rendered":"","protected":false},"excerpt":{"rendered":"","protected":false},"author":1,"featured_media":0,"parent":0,"menu_order":0,"comment_status":"closed","ping_status":"closed","template":"page-templates\/page-csr-inner.php","meta":{"footnotes":""},"acf":[],"yoast_head":"<!-- This site is optimized with the Yoast SEO plugin v21.9.1 - https:\/\/yoast.com\/wordpress\/plugins\/seo\/ -->\n<title>L\u00e9gislation - CCS<\/title>\n<meta name=\"description\" content=\"CCS poss\u00e8de une connaissance approfondie de la l\u00e9gislation europ\u00e9enne du travail. L&#039;\u00e9quipe RH de la SCC effectue un audit pr\u00e9alable, garantissant une documentation correcte des documents pour tous les employ\u00e9s avant de se joindre.\" \/>\n<meta name=\"robots\" content=\"index, follow, max-snippet:-1, max-image-preview:large, max-video-preview:-1\" \/>\n<link rel=\"canonical\" href=\"https:\/\/staging.ccscleaning.com\/fr\/legislation\/\" \/>\n<meta property=\"og:locale\" content=\"fr_FR\" \/>\n<meta property=\"og:type\" content=\"article\" \/>\n<meta property=\"og:title\" content=\"L\u00e9gislation - CCS\" \/>\n<meta property=\"og:description\" content=\"CCS poss\u00e8de une connaissance approfondie de la l\u00e9gislation europ\u00e9enne du travail. L&#039;\u00e9quipe RH de la SCC effectue un audit pr\u00e9alable, garantissant une documentation correcte des documents pour tous les employ\u00e9s avant de se joindre.\" \/>\n<meta property=\"og:url\" content=\"https:\/\/staging.ccscleaning.com\/fr\/legislation\/\" \/>\n<meta property=\"og:site_name\" content=\"CCS Cleaning French\" \/>\n<meta property=\"article:modified_time\" content=\"2025-08-19T09:12:47+00:00\" \/>\n<meta name=\"twitter:card\" content=\"summary_large_image\" \/>\n<!-- \/ Yoast SEO plugin. -->","yoast_head_json":{"title":"L\u00e9gislation - CCS","description":"CCS poss\u00e8de une connaissance approfondie de la l\u00e9gislation europ\u00e9enne du travail. L'\u00e9quipe RH de la SCC effectue un audit pr\u00e9alable, garantissant une documentation correcte des documents pour tous les employ\u00e9s avant de se joindre.","robots":{"index":"index","follow":"follow","max-snippet":"max-snippet:-1","max-image-preview":"max-image-preview:large","max-video-preview":"max-video-preview:-1"},"canonical":"https:\/\/staging.ccscleaning.com\/fr\/legislation\/","og_locale":"fr_FR","og_type":"article","og_title":"L\u00e9gislation - CCS","og_description":"CCS poss\u00e8de une connaissance approfondie de la l\u00e9gislation europ\u00e9enne du travail. L'\u00e9quipe RH de la SCC effectue un audit pr\u00e9alable, garantissant une documentation correcte des documents pour tous les employ\u00e9s avant de se joindre.","og_url":"https:\/\/staging.ccscleaning.com\/fr\/legislation\/","og_site_name":"CCS Cleaning French","article_modified_time":"2025-08-19T09:12:47+00:00","twitter_card":"summary_large_image","schema":{"@context":"https:\/\/schema.org","@graph":[{"@type":"WebPage","@id":"https:\/\/staging.ccscleaning.com\/fr\/legislation\/","url":"https:\/\/staging.ccscleaning.com\/fr\/legislation\/","name":"L\u00e9gislation - CCS","isPartOf":{"@id":"https:\/\/staging.ccscleaning.com\/fr\/#website"},"datePublished":"2019-07-30T13:03:51+00:00","dateModified":"2025-08-19T09:12:47+00:00","description":"CCS poss\u00e8de une connaissance approfondie de la l\u00e9gislation europ\u00e9enne du travail. L'\u00e9quipe RH de la SCC effectue un audit pr\u00e9alable, garantissant une documentation correcte des documents pour tous les employ\u00e9s avant de se joindre.","breadcrumb":{"@id":"https:\/\/staging.ccscleaning.com\/fr\/legislation\/#breadcrumb"},"inLanguage":"fr-FR","potentialAction":[{"@type":"ReadAction","target":["https:\/\/staging.ccscleaning.com\/fr\/legislation\/"]}]},{"@type":"BreadcrumbList","@id":"https:\/\/staging.ccscleaning.com\/fr\/legislation\/#breadcrumb","itemListElement":[{"@type":"ListItem","position":1,"name":"Accueil","item":"https:\/\/staging.ccscleaning.com\/fr\/"},{"@type":"ListItem","position":2,"name":"L\u00e9gislation"}]},{"@type":"WebSite","@id":"https:\/\/staging.ccscleaning.com\/fr\/#website","url":"https:\/\/staging.ccscleaning.com\/fr\/","name":"CCS Cleaning French","description":"","potentialAction":[{"@type":"SearchAction","target":{"@type":"EntryPoint","urlTemplate":"https:\/\/staging.ccscleaning.com\/fr\/?s={search_term_string}"},"query-input":"required name=search_term_string"}],"inLanguage":"fr-FR"}]}},"_links":{"self":[{"href":"https:\/\/staging.ccscleaning.com\/fr\/wp-json\/wp\/v2\/pages\/3674"}],"collection":[{"href":"https:\/\/staging.ccscleaning.com\/fr\/wp-json\/wp\/v2\/pages"}],"about":[{"href":"https:\/\/staging.ccscleaning.com\/fr\/wp-json\/wp\/v2\/types\/page"}],"author":[{"embeddable":true,"href":"https:\/\/staging.ccscleaning.com\/fr\/wp-json\/wp\/v2\/users\/1"}],"replies":[{"embeddable":true,"href":"https:\/\/staging.ccscleaning.com\/fr\/wp-json\/wp\/v2\/comments?post=3674"}],"version-history":[{"count":2,"href":"https:\/\/staging.ccscleaning.com\/fr\/wp-json\/wp\/v2\/pages\/3674\/revisions"}],"predecessor-version":[{"id":7001,"href":"https:\/\/staging.ccscleaning.com\/fr\/wp-json\/wp\/v2\/pages\/3674\/revisions\/7001"}],"wp:attachment":[{"href":"https:\/\/staging.ccscleaning.com\/fr\/wp-json\/wp\/v2\/media?parent=3674"}],"curies":[{"name":"wp","href":"https:\/\/api.w.org\/{rel}","templated":true}]}}