{"id":3485,"date":"2019-07-18T14:17:00","date_gmt":"2019-07-18T14:17:00","guid":{"rendered":"http:\/\/staging.ccscleaning.com\/?page_id=3485"},"modified":"2025-08-19T09:12:48","modified_gmt":"2025-08-19T09:12:48","slug":"retail-cleaning-case-study","status":"publish","type":"page","link":"https:\/\/staging.ccscleaning.com\/fr\/retail-cleaning-case-study\/","title":{"rendered":"Retail Cleaning Case Study"},"content":{"rendered":"<div class=\"container-fluid inner-banner-wrap\">\r\n\t<div class=\"row\">\r\n\t\t<img decoding=\"async\" src=\"http:\/\/staging.ccscleaning.com\/fr\/wp-content\/uploads\/sites\/5\/2019\/07\/case-innerBanner.jpg?x20396\" class=\"img-fluid\" alt=\"Retail Cleaning Services\">\t\t\r\n\t\t<div class=\"inner-banner-cont\">\r\n\t\t\t<div class=\"container\">\r\n\t\t\t\t<div class=\"row\">\r\n\t\t\t\t\t<div class=\"col-lg-6\">\r\n\t\t\t\t\t\t<div class=\"inner-banner-left-content\">\r\n\t\t\t\t\t\t\t<h1>Retail Cleaning Case Study<\/h1>\r\n\t\t\t\t\t\t\t<p>Primark Toulouse<\/p>\t\t\t\t\t\t\t\r\n\t\t\t\t\t\t<\/div>\r\n\t\t\t\t\t<\/div>\r\n\t\t\t\t\t<div class=\"col-lg-6\">\r\n\t\t\t\t\t\t<div class=\"banner-contact\">\r\n\t\t\t\t\t\t\t<h3>CONTACT US<\/h3>\r\n\t\t\t\t\t\t\t<div role=\"form\" class=\"wpcf7\" id=\"wpcf7-f2164-o1\" lang=\"en-US\" dir=\"ltr\">\n<div class=\"screen-reader-response\"><\/div>\n<form action=\"\/fr\/wp-json\/wp\/v2\/pages\/3485#wpcf7-f2164-o1\" method=\"post\" class=\"wpcf7-form\" novalidate=\"novalidate\">\n<div style=\"display: none;\">\n<input type=\"hidden\" name=\"_wpcf7\" value=\"2164\" \/>\n<input type=\"hidden\" name=\"_wpcf7_version\" value=\"5.0.5\" \/>\n<input type=\"hidden\" name=\"_wpcf7_locale\" value=\"en_US\" \/>\n<input type=\"hidden\" name=\"_wpcf7_unit_tag\" value=\"wpcf7-f2164-o1\" \/>\n<input type=\"hidden\" name=\"_wpcf7_container_post\" value=\"0\" \/>\n<\/div>\n<h3>Discutons de vos besoins en nettoyage<\/h3>\n<div class=\"form-group\">\n<span class=\"wpcf7-form-control-wrap votre-nom\"><input type=\"text\" name=\"votre-nom\" value=\"\" size=\"40\" class=\"wpcf7-form-control wpcf7-text wpcf7-validates-as-required form-control\" id=\"exampleFormControlInput1\" aria-required=\"true\" aria-invalid=\"false\" placeholder=\"Nom\" \/><\/span>\n<\/div>\n<div class=\"form-group\">\n<span class=\"wpcf7-form-control-wrap votre-entreprise\"><input type=\"text\" name=\"votre-entreprise\" value=\"\" size=\"40\" class=\"wpcf7-form-control wpcf7-text wpcf7-validates-as-required form-control\" id=\"exampleFormControlInput4\" aria-required=\"true\" aria-invalid=\"false\" placeholder=\"Nom de l&#039;entreprise\" \/><\/span>\n<\/div>\n<div class=\"form-group\">\n<span class=\"wpcf7-form-control-wrap votre-numero\"><input type=\"tel\" name=\"votre-numero\" value=\"\" size=\"40\" class=\"wpcf7-form-control wpcf7-text wpcf7-tel wpcf7-validates-as-required wpcf7-validates-as-tel form-control\" id=\"exampleFormControlInput2\" aria-required=\"true\" aria-invalid=\"false\" placeholder=\"T\u00e9l\u00e9phone\" \/><\/span>\n<\/div>\n<div class=\"form-group\">\n<span class=\"wpcf7-form-control-wrap votre-email\"><input type=\"email\" name=\"votre-email\" value=\"\" size=\"40\" class=\"wpcf7-form-control wpcf7-text wpcf7-email wpcf7-validates-as-required wpcf7-validates-as-email form-control\" id=\"exampleFormControlInput3\" aria-required=\"true\" aria-invalid=\"false\" placeholder=\"Email\" \/><\/span>\n<\/div>\n<div class=\"form-group\">\n<span class=\"wpcf7-form-control-wrap votre-message\"><textarea name=\"votre-message\" cols=\"40\" rows=\"3\" class=\"wpcf7-form-control wpcf7-textarea form-control\" id=\"exampleFormControlTextarea1\" aria-invalid=\"false\" placeholder=\"Votre message\"><\/textarea><\/span>\n<\/div>\n<div class=\"btn-group\"><input type=\"submit\" value=\"Obtenir un devis maintenant\" class=\"wpcf7-form-control wpcf7-submit btn-submit\" \/><\/div>\n<div class=\"wpcf7-response-output wpcf7-display-none\"><\/div><\/form><\/div>\r\n\t\t\t\t\t\t<\/div>\r\n\t\t\t\t\t<\/div>\r\n\t\t\t\t\t<div class=\"clearfix\"><\/div>\r\n\t\t\t\t<\/div>\r\n\t\t\t<\/div>\r\n\t\t<\/div>\r\n\t<\/div>\r\n<\/div>\r\n<section class=\"client-logos padbottom0 subhasis\">\r\n<div class=\"container\">\t\r\n<div class=\"row\">\r\n<div class=\"owl-carousel owl-theme\">\r\n<div class=\"item\">\r\n<img decoding=\"async\" src=\"http:\/\/staging.ccscleaning.com\/fr\/wp-content\/uploads\/sites\/5\/2021\/04\/cbre.jpg\" alt=\"\">              \r\n<\/div>\r\n<div class=\"item\">\r\n<img decoding=\"async\" src=\"http:\/\/staging.ccscleaning.com\/fr\/wp-content\/uploads\/sites\/5\/2021\/04\/aramark.jpg\" alt=\"\">\r\n<\/div>\r\n<div class=\"item\">\r\n<img decoding=\"async\" src=\"http:\/\/staging.ccscleaning.com\/fr\/wp-content\/uploads\/sites\/5\/2021\/04\/akor.jpg\" alt=\"\">\r\n<\/div>\r\n<div class=\"item\">\r\n<img decoding=\"async\" src=\"http:\/\/staging.ccscleaning.com\/fr\/wp-content\/uploads\/sites\/5\/2021\/04\/converse.jpg\" alt=\"\">\r\n<\/div>\r\n<div class=\"item\">\r\n<img decoding=\"async\" src=\"http:\/\/staging.ccscleaning.com\/fr\/wp-content\/uploads\/sites\/5\/2021\/04\/dsv.jpg\" alt=\"\">\r\n<\/div>\r\n<div class=\"item\">\r\n<img decoding=\"async\" src=\"http:\/\/staging.ccscleaning.com\/fr\/wp-content\/uploads\/sites\/5\/2021\/04\/mercury.jpg\" alt=\"\">\r\n<\/div>\r\n<div class=\"item\">\r\n<img decoding=\"async\" src=\"http:\/\/staging.ccscleaning.com\/fr\/wp-content\/uploads\/sites\/5\/2021\/04\/wework.jpg\" alt=\"\">\r\n<\/div>\r\n<div class=\"item\">\r\n<img decoding=\"async\" src=\"http:\/\/staging.ccscleaning.com\/fr\/wp-content\/uploads\/sites\/5\/2021\/05\/de-bijenkorf.jpg\" alt=\"\">\r\n<\/div>\r\n<div class=\"item\">\r\n<img decoding=\"async\" src=\"http:\/\/staging.ccscleaning.com\/fr\/wp-content\/uploads\/sites\/5\/2021\/05\/hm.jpg\" alt=\"\">\r\n<\/div>\r\n<div class=\"item\">\r\n<img decoding=\"async\" src=\"http:\/\/staging.ccscleaning.com\/fr\/wp-content\/uploads\/sites\/5\/2021\/05\/irish-foreign-affairs.jpg\" alt=\"\">\r\n<\/div>\r\n<div class=\"item\">\r\n<img decoding=\"async\" src=\"http:\/\/staging.ccscleaning.com\/fr\/wp-content\/uploads\/sites\/5\/2021\/05\/mace.jpg\" alt=\"\">\r\n<\/div>           \r\n<div class=\"item\">\r\n<img decoding=\"async\" src=\"http:\/\/staging.ccscleaning.com\/fr\/wp-content\/uploads\/sites\/5\/2021\/05\/super-dry.jpg\" alt=\"\">\r\n<\/div>\r\n<div class=\"item\">\r\n<img decoding=\"async\" src=\"http:\/\/staging.ccscleaning.com\/fr\/wp-content\/uploads\/sites\/5\/2021\/05\/transfer.jpg\" alt=\"\">\r\n<\/div>\r\n<div class=\"item\">\r\n<img decoding=\"async\" src=\"http:\/\/staging.ccscleaning.com\/fr\/wp-content\/uploads\/sites\/5\/2021\/05\/under-armour.jpg\" alt=\"\">\r\n<\/div>\r\n<div class=\"item\">\r\n<img decoding=\"async\" src=\"http:\/\/staging.ccscleaning.com\/fr\/wp-content\/uploads\/sites\/5\/2021\/05\/visma.jpg\" alt=\"\">\r\n<\/div>\r\n<div class=\"item\">\r\n<img decoding=\"async\" src=\"http:\/\/staging.ccscleaning.com\/fr\/wp-content\/uploads\/sites\/5\/2021\/05\/argos.jpg\" alt=\"\">\r\n<\/div>\r\n<div class=\"item\">\r\n<img decoding=\"async\" src=\"http:\/\/staging.ccscleaning.com\/fr\/wp-content\/uploads\/sites\/5\/2021\/05\/homebase.jpg\" alt=\"\">\r\n<\/div>\r\n<div class=\"item\">\r\n<img decoding=\"async\" src=\"http:\/\/staging.ccscleaning.com\/fr\/wp-content\/uploads\/sites\/5\/2021\/05\/primark.jpg\" alt=\"\">\r\n<\/div>    \t\r\n<\/div>\r\n<\/div>\r\n<\/div>\r\n<\/section>\r\n<section class=\"welcome-ccs\">\r\n\t<div class=\"container\">\r\n\t\t<div class=\"row\">\r\n\t\t\t<div class=\"col-lg-8\">\r\n\t\t\t\t<h2>We work with many well-known high-street retail brands.<\/h2>\r\n\t\t\t\t<p>Last year CCS carried out thousands of retail cleans, one of our most ambitious projects took us to the South of France. This was not a typical retail clean; the store is housed in a 1930s historic building and spread across four floors. These factors meant that a lot of strategic planning and research went into the project to ensure that we delivered it to the highest possible standard.<\/p>\r\n\t\t\t\t<div class=\"btn-sec\">\t\t\t\t\t\r\n\t\t\t\t\t<a href=\"http:\/\/staging.ccscleaning.com\/contact-us\/\" class=\"btns-link\">CONTACT US TODAY<\/a>\r\n\t\t\t\t<\/div>\r\n\t\t\t<\/div>\r\n\t\t\t<div class=\"col-lg-4\">\r\n\t\t\t\t<div class=\"ceo-slogan-section\">\r\n\t\t\t\t\t<div class=\"ceo-pic\">\r\n\t\t\t\t\t\t<img decoding=\"async\" src=\"http:\/\/staging.ccscleaning.com\/fr\/wp-content\/uploads\/sites\/5\/2019\/07\/PEOPLE-David-1.jpg?x20396\" \/>\r\n\t\t\t\t\t<\/div>\r\n\t\t\t\t\t<div class=\"ceo-message\">\r\n\t\t\t\t\t\t<h3>Message from our CEO<\/h3>\r\n\t\t\t\t\t\t<p>\u201cWe always deliver. We\u2019re consistent, hardworking and professional. It\u2019s our number one priority to ensure our clients are happy with our service.\u201d<\/p>\r\n\t\t\t\t\t<\/div>\r\n\t\t\t\t<\/div>\r\n\t\t\t<\/div>\r\n\t\t<\/div>\r\n\t<\/div>\r\n<\/section>\r\n<section class=\"business-head-wrap\">\r\n\t<div class=\"container\">\r\n\t\t<div class=\"row\">\r\n\t\t\t<div class=\"col-lg-4 bsnshead-pic\">\r\n\t\t\t\t<img decoding=\"async\" src=\"http:\/\/staging.ccscleaning.com\/fr\/wp-content\/uploads\/sites\/5\/2019\/07\/process1.jpg?x20396\" \/>\r\n\t\t\t<\/div>\r\n\t\t\t<div class=\"col-lg-8 bsnshead-cont\">\r\n\t\t\t\t<p><strong>Paul Cullen, Group Business and Standards Executive reflects on the process.<\/strong><\/p>\r\n\t\t\t\t<p>\u201cCleaning is at the core of what we do, and retail cleaning makes up a large part of this. Retail cleaning is extremely competitive and its important to operate within agreed budgets. Still, every clean is different and each job presents new challenges to be overcome and problems to be solved. With each job completed our expertise grows. The recent French Initial Cleaning project we completed for an important multinational retail client was no exception.\u201d<\/p>\r\n\t\t\t<\/div>\r\n\t\t\t<div class=\"clearfix\"><\/div>\r\n\t\t<\/div>\r\n\t<\/div>\r\n<\/section>\r\n<section class=\"spec-wraper\">\r\n\t<div class=\"container\">\r\n\t\t<div class=\"col-lg-8\">\r\n\t\t\t<fieldset>\r\n\t\t\t\t<h3>The Specs<\/h3>\r\n\t\t\t\t<hr \/>\r\n\t\t\t\t<p>From the outset, CCS understood that this Initial Clean project was not completely straightforward.<\/p>\r\n\t\t\t\t<p>The retail space is in a refurbished 1930s historic building, which immediately presents some challenges. However, we knew that we could rise to the occasion having delivered many similar projects all across Europe.<\/p>\r\n\t\t\t\t<p>We were to provide a cleaning service during the fit-out phase of the 80,000 sq. foot building. The retail space is spread over four floors, which logistically means that more preparation is involved.<\/p>\r\n\t\t\t<\/fieldset>\r\n\t\t\t<fieldset>\r\n\t\t\t\t<h3>The Challenges<\/h3>\r\n\t\t\t\t<hr \/>\r\n\t\t\t\t<p>As soon as CCS were awarded the contract our team mobilised and were ready to swing into action. From the outside, it may appear simple, however there is a huge amount of work that goes on in the background on a project like this. Planning and preparation are key and our managers each play an important role in this.<\/p>\r\n\t\t\t\t<p>Working in France meant that we had to have an in-depth knowledge of the requirements and legislation of the French market. Our management teams coordinated with localised HR and EHS experts to ensure that we were always compliant, operating responsibly and in-line with local legislation.<\/p>\r\n\t\t\t\t<p>Next of all, access routes had to be planned and timelines established. Retail cleans like these typically have a quick turnaround period and we knew that we would have to work at a fast and efficient pace within the agreed timeframe. <\/p>\r\n\t\t\t\t<p>Our specialist initial clean team were mobilised and the retail cleaning could finally begin. Collaboration, meticulous planning and adhering to local regulations are ultimately what made this particular retail clean such a success.<\/p>\r\n\t\t\t<\/fieldset>\r\n\t\t<\/div>\r\n\t\t<div class=\"col-lg-4\">\r\n\t\t\t<div class=\"proposal-result-sec\">\r\n\t\t\t\t<h3>Our Proposal<\/h3>\r\n\t\t\t\t<ul>\r\n\t\t\t\t\t<li>Online Portal<\/li>\r\n\t\t\t\t\t<li>Secure Login<\/li>\r\n\t\t\t\t\t<li>Real Time Information System<\/li>\r\n\t\t\t\t\t<li>Detailed Site-Specific Data<\/li>\r\n\t\t\t\t<\/ul>\r\n\t\t\t<\/div>\r\n\t\t\t<div class=\"proposal-result-sec\">\r\n\t\t\t\t<h3>The Results<\/h3>\r\n\t\t\t\t<p>The project had its challenges, but we delivered on time, on budget and to a high standard. Our client was extremely satisfied with the retail cleaning and we received very positive feedback that will inform future projects. We ticked all the boxes. They knew that by choosing CCS they were hiring a company with a proven track record across similar projects. <\/p>\r\n\t\t\t\t<p>Delivering a sparkling clean store is always an amazing feeling, now onto the next job!<\/p>\r\n\t\t\t<\/div>\r\n\t\t<\/div>\r\n\t\t<div class=\"clearfix\"><\/div>\r\n\t<\/div>\r\n<\/section>\r\n\r\n\r\n<section class=\"certification-wraper\">\r\n\t<div class=\"container\">\r\n\t\t<div class=\"row\">\r\n\t\t\t<h2><span>Certifications<\/span><\/h2>\r\n\t\t\t<div class=\"clients-pic\">\r\n\t\t\t\t<img decoding=\"async\" src=\"http:\/\/staging.ccscleaning.com\/fr\/wp-content\/uploads\/sites\/5\/2021\/05\/clients-pic.png\" \/>\r\n\t\t\t<\/div>\r\n\t\t<\/div>\r\n\t<\/div>\r\n<\/section>\r\n<section class=\"histry mbottom0 mtop30\">\r\n\t<div class=\"container\">\r\n\t\t<div class=\"row\">\r\n\t\t\t<div class=\"col-lg-4 busyears\">\r\n\t\t\t\t<strong>50<\/strong>\r\n\t\t\t\t<p>YEARS <b>IN<\/b><br>BUSINESS<\/p>\r\n\t\t\t<\/div>\r\n\t\t\t<div class=\"col-lg-4 projects\">\r\n\t\t\t\t<strong>4800<\/strong>\r\n\t\t\t\t<p>Projects<\/p>\r\n\t\t\t<\/div>\r\n\t\t\t<div class=\"col-lg-4 happyclients\">\r\n\t\t\t\t<div class=\"innerdiv\">\r\n\t\t\t\t<strong>100<small>s<\/small><\/strong>\r\n\t\t\t\t<p>OF <b>HAPPY<\/b><br>CLIENTS<\/p>\r\n\t\t\t\t<\/div>\r\n\t\t\t<\/div>\r\n\t\t<\/div>\r\n\t<\/div>\r\n<\/section>","protected":false},"excerpt":{"rendered":"<p>Retail Cleaning Case Study Primark Toulouse CONTACT US We work with many well-known high-street retail brands. Last year CCS carried out thousands of retail cleans, one of our most ambitious projects took us to the South of France. This was not a typical retail clean; the store is housed in a 1930s historic building and&#8230;  <a href=\"https:\/\/staging.ccscleaning.com\/fr\/retail-cleaning-case-study\/\" class=\"more-link\" title=\"Read Retail Cleaning Case Study\">Read more &raquo;<\/a><\/p>\n","protected":false},"author":1,"featured_media":0,"parent":0,"menu_order":0,"comment_status":"closed","ping_status":"closed","template":"page-templates\/sector-casestudy.php","meta":{"footnotes":""},"acf":[],"yoast_head":"<!-- This site is optimized with the Yoast SEO plugin v21.9.1 - https:\/\/yoast.com\/wordpress\/plugins\/seo\/ -->\n<title>Nettoyage Commercial Au D\u00e9tail \u00c9tude Cas | CCS<\/title>\n<meta name=\"description\" content=\"Vous trouverez ici l&#039;\u00e9tude de cas sur le nettoyage au d\u00e9tail, qui fournit des donn\u00e9es et des informations suppl\u00e9mentaires sur la m\u00e9thodologie Ideal utilis\u00e9e par CCS.\" \/>\n<meta name=\"robots\" content=\"index, follow, max-snippet:-1, max-image-preview:large, max-video-preview:-1\" \/>\n<link rel=\"canonical\" href=\"https:\/\/staging.ccscleaning.com\/fr\/retail-cleaning-case-study\/\" \/>\n<meta property=\"og:locale\" content=\"fr_FR\" \/>\n<meta property=\"og:type\" content=\"article\" \/>\n<meta property=\"og:title\" content=\"Nettoyage Commercial Au D\u00e9tail \u00c9tude Cas | CCS\" \/>\n<meta property=\"og:description\" content=\"Vous trouverez ici l&#039;\u00e9tude de cas sur le nettoyage au d\u00e9tail, qui fournit des donn\u00e9es et des informations suppl\u00e9mentaires sur la m\u00e9thodologie Ideal utilis\u00e9e par CCS.\" \/>\n<meta property=\"og:url\" content=\"https:\/\/staging.ccscleaning.com\/fr\/retail-cleaning-case-study\/\" \/>\n<meta property=\"og:site_name\" content=\"CCS Cleaning French\" \/>\n<meta property=\"article:modified_time\" content=\"2025-08-19T09:12:48+00:00\" \/>\n<meta property=\"og:image\" content=\"http:\/\/staging.ccscleaning.com\/fr\/wp-content\/uploads\/sites\/5\/2019\/07\/case-innerBanner.jpg?x20396\" \/>\n<meta name=\"twitter:card\" content=\"summary_large_image\" \/>\n<meta name=\"twitter:label1\" content=\"Dur\u00e9e de lecture est.\" \/>\n\t<meta name=\"twitter:data1\" content=\"8 minutes\" \/>\n<!-- \/ Yoast SEO plugin. -->","yoast_head_json":{"title":"Nettoyage Commercial Au D\u00e9tail \u00c9tude Cas | CCS","description":"Vous trouverez ici l'\u00e9tude de cas sur le nettoyage au d\u00e9tail, qui fournit des donn\u00e9es et des informations suppl\u00e9mentaires sur la m\u00e9thodologie Ideal utilis\u00e9e par CCS.","robots":{"index":"index","follow":"follow","max-snippet":"max-snippet:-1","max-image-preview":"max-image-preview:large","max-video-preview":"max-video-preview:-1"},"canonical":"https:\/\/staging.ccscleaning.com\/fr\/retail-cleaning-case-study\/","og_locale":"fr_FR","og_type":"article","og_title":"Nettoyage Commercial Au D\u00e9tail \u00c9tude Cas | CCS","og_description":"Vous trouverez ici l'\u00e9tude de cas sur le nettoyage au d\u00e9tail, qui fournit des donn\u00e9es et des informations suppl\u00e9mentaires sur la m\u00e9thodologie Ideal utilis\u00e9e par CCS.","og_url":"https:\/\/staging.ccscleaning.com\/fr\/retail-cleaning-case-study\/","og_site_name":"CCS Cleaning French","article_modified_time":"2025-08-19T09:12:48+00:00","og_image":[{"url":"http:\/\/staging.ccscleaning.com\/fr\/wp-content\/uploads\/sites\/5\/2019\/07\/case-innerBanner.jpg?x20396"}],"twitter_card":"summary_large_image","twitter_misc":{"Dur\u00e9e de lecture est.":"8 minutes"},"schema":{"@context":"https:\/\/schema.org","@graph":[{"@type":"WebPage","@id":"https:\/\/staging.ccscleaning.com\/fr\/retail-cleaning-case-study\/","url":"https:\/\/staging.ccscleaning.com\/fr\/retail-cleaning-case-study\/","name":"Nettoyage Commercial Au D\u00e9tail \u00c9tude Cas | CCS","isPartOf":{"@id":"https:\/\/staging.ccscleaning.com\/fr\/#website"},"datePublished":"2019-07-18T14:17:00+00:00","dateModified":"2025-08-19T09:12:48+00:00","description":"Vous trouverez ici l'\u00e9tude de cas sur le nettoyage au d\u00e9tail, qui fournit des donn\u00e9es et des informations suppl\u00e9mentaires sur la m\u00e9thodologie Ideal utilis\u00e9e par CCS.","breadcrumb":{"@id":"https:\/\/staging.ccscleaning.com\/fr\/retail-cleaning-case-study\/#breadcrumb"},"inLanguage":"fr-FR","potentialAction":[{"@type":"ReadAction","target":["https:\/\/staging.ccscleaning.com\/fr\/retail-cleaning-case-study\/"]}]},{"@type":"BreadcrumbList","@id":"https:\/\/staging.ccscleaning.com\/fr\/retail-cleaning-case-study\/#breadcrumb","itemListElement":[{"@type":"ListItem","position":1,"name":"Accueil","item":"https:\/\/staging.ccscleaning.com\/fr\/"},{"@type":"ListItem","position":2,"name":"Retail Cleaning Case Study"}]},{"@type":"WebSite","@id":"https:\/\/staging.ccscleaning.com\/fr\/#website","url":"https:\/\/staging.ccscleaning.com\/fr\/","name":"CCS Cleaning French","description":"","potentialAction":[{"@type":"SearchAction","target":{"@type":"EntryPoint","urlTemplate":"https:\/\/staging.ccscleaning.com\/fr\/?s={search_term_string}"},"query-input":"required name=search_term_string"}],"inLanguage":"fr-FR"}]}},"_links":{"self":[{"href":"https:\/\/staging.ccscleaning.com\/fr\/wp-json\/wp\/v2\/pages\/3485"}],"collection":[{"href":"https:\/\/staging.ccscleaning.com\/fr\/wp-json\/wp\/v2\/pages"}],"about":[{"href":"https:\/\/staging.ccscleaning.com\/fr\/wp-json\/wp\/v2\/types\/page"}],"author":[{"embeddable":true,"href":"https:\/\/staging.ccscleaning.com\/fr\/wp-json\/wp\/v2\/users\/1"}],"replies":[{"embeddable":true,"href":"https:\/\/staging.ccscleaning.com\/fr\/wp-json\/wp\/v2\/comments?post=3485"}],"version-history":[{"count":7,"href":"https:\/\/staging.ccscleaning.com\/fr\/wp-json\/wp\/v2\/pages\/3485\/revisions"}],"predecessor-version":[{"id":7145,"href":"https:\/\/staging.ccscleaning.com\/fr\/wp-json\/wp\/v2\/pages\/3485\/revisions\/7145"}],"wp:attachment":[{"href":"https:\/\/staging.ccscleaning.com\/fr\/wp-json\/wp\/v2\/media?parent=3485"}],"curies":[{"name":"wp","href":"https:\/\/api.w.org\/{rel}","templated":true}]}}