{"id":2421,"date":"2018-10-13T07:03:22","date_gmt":"2018-10-13T07:03:22","guid":{"rendered":"http:\/\/staging.ccscleaning.com\/?page_id=2421"},"modified":"2025-08-19T09:12:49","modified_gmt":"2025-08-19T09:12:49","slug":"mopping","status":"publish","type":"page","link":"https:\/\/staging.ccscleaning.com\/fr\/mopping\/","title":{"rendered":"Mopping"},"content":{"rendered":"<div class=\"container-fluid inner-banner-wrap\">\r\n\t<div class=\"row\">\r\n\t\t<img decoding=\"async\" src=\"http:\/\/staging.ccscleaning.com\/fr\/wp-content\/uploads\/sites\/5\/2018\/12\/mopping-banner-e1553268274407.jpg\" alt=\"Mopping\" \/>\r\n\t\t<div class=\"inner-banner-cont\">\r\n\t\t\t<div class=\"container\">\r\n\t\t\t\t<div class=\"row\">\r\n\t\t\t\t\t<div class=\"col-lg-6\">\r\n\t\t\t\t\t\t<div class=\"inner-banner-left-content\">\r\n\t\t\t\t\t\t\t<h1>Mopping<\/h1>\t\t\t\t\t\t\t\r\n\t\t\t\t\t\t<\/div>\r\n\t\t\t\t\t<\/div>\r\n\t\t\t\t\t<div class=\"col-lg-6\">\r\n\t\t\t\t\t\t<div class=\"banner-contact\">\r\n\t\t\t\t\t\t\t<h3>CONTACT US<\/h3>\r\n\t\t\t\t\t\t\t<div role=\"form\" class=\"wpcf7\" id=\"wpcf7-f2164-o1\" lang=\"en-US\" dir=\"ltr\">\n<div class=\"screen-reader-response\"><\/div>\n<form action=\"\/fr\/wp-json\/wp\/v2\/pages\/2421#wpcf7-f2164-o1\" method=\"post\" class=\"wpcf7-form\" novalidate=\"novalidate\">\n<div style=\"display: none;\">\n<input type=\"hidden\" name=\"_wpcf7\" value=\"2164\" \/>\n<input type=\"hidden\" name=\"_wpcf7_version\" value=\"5.0.5\" \/>\n<input type=\"hidden\" name=\"_wpcf7_locale\" value=\"en_US\" \/>\n<input type=\"hidden\" name=\"_wpcf7_unit_tag\" value=\"wpcf7-f2164-o1\" \/>\n<input type=\"hidden\" name=\"_wpcf7_container_post\" value=\"0\" \/>\n<\/div>\n<h3>Discutons de vos besoins en nettoyage<\/h3>\n<div class=\"form-group\">\n<span class=\"wpcf7-form-control-wrap votre-nom\"><input type=\"text\" name=\"votre-nom\" value=\"\" size=\"40\" class=\"wpcf7-form-control wpcf7-text wpcf7-validates-as-required form-control\" id=\"exampleFormControlInput1\" aria-required=\"true\" aria-invalid=\"false\" placeholder=\"Nom\" \/><\/span>\n<\/div>\n<div class=\"form-group\">\n<span class=\"wpcf7-form-control-wrap votre-entreprise\"><input type=\"text\" name=\"votre-entreprise\" value=\"\" size=\"40\" class=\"wpcf7-form-control wpcf7-text wpcf7-validates-as-required form-control\" id=\"exampleFormControlInput4\" aria-required=\"true\" aria-invalid=\"false\" placeholder=\"Nom de l&#039;entreprise\" \/><\/span>\n<\/div>\n<div class=\"form-group\">\n<span class=\"wpcf7-form-control-wrap votre-numero\"><input type=\"tel\" name=\"votre-numero\" value=\"\" size=\"40\" class=\"wpcf7-form-control wpcf7-text wpcf7-tel wpcf7-validates-as-required wpcf7-validates-as-tel form-control\" id=\"exampleFormControlInput2\" aria-required=\"true\" aria-invalid=\"false\" placeholder=\"T\u00e9l\u00e9phone\" \/><\/span>\n<\/div>\n<div class=\"form-group\">\n<span class=\"wpcf7-form-control-wrap votre-email\"><input type=\"email\" name=\"votre-email\" value=\"\" size=\"40\" class=\"wpcf7-form-control wpcf7-text wpcf7-email wpcf7-validates-as-required wpcf7-validates-as-email form-control\" id=\"exampleFormControlInput3\" aria-required=\"true\" aria-invalid=\"false\" placeholder=\"Email\" \/><\/span>\n<\/div>\n<div class=\"form-group\">\n<span class=\"wpcf7-form-control-wrap votre-message\"><textarea name=\"votre-message\" cols=\"40\" rows=\"3\" class=\"wpcf7-form-control wpcf7-textarea form-control\" id=\"exampleFormControlTextarea1\" aria-invalid=\"false\" placeholder=\"Votre message\"><\/textarea><\/span>\n<\/div>\n<div class=\"btn-group\"><input type=\"submit\" value=\"Obtenir un devis maintenant\" class=\"wpcf7-form-control wpcf7-submit btn-submit\" \/><\/div>\n<div class=\"wpcf7-response-output wpcf7-display-none\"><\/div><\/form><\/div>\r\n\t\t\t\t\t\t<\/div>\r\n\t\t\t\t\t<\/div>\r\n\t\t\t\t\t<div class=\"clearfix\"><\/div>\r\n\t\t\t\t<\/div>\r\n\t\t\t<\/div>\r\n\t\t<\/div>\r\n\t<\/div>\r\n<\/div>\r\n<section class=\"spec-wraper\">\r\n\t<div class=\"container\">\r\n\t\t<div class=\"col-lg-8\">\r\n\t\t\t<fieldset>\r\n\t\t\t\t<h3>Mopping<\/h3>\r\n\t\t\t\t<hr \/>\t\r\n<p>While not the most glamourous of cleaning tasks, effective mopping can totally transform the look of a business. Choosing the right kind of mop for the floor surface is an important consideration when mopping a premises.<\/p>\r\n<p>At CCS we have a wide range of mops and floor cleaning tools which when used correctly can do wonders for your floors appearance. Our team of experts are experienced in floor cleaning and are trained in the treatment and care of floor surfaces.<\/p>\r\n<\/fieldset>\r\n\t\t\t\r\n\t\t<\/div>\r\n\t\t<div class=\"col-lg-4\">\r\n\t\t\t<div class=\"proposal-result-sec\">\r\n\t\t\t\t<h3>Related Services<\/h3>\r\n\t\t\t\t<ul>\r\n\t\t\t\t\t<li><a href=\"http:\/\/staging.ccscleaning.com\/daily-dusting\">Daily dusting<\/a><\/li>\r\n\t\t\t\t\t<li><a href=\"http:\/\/staging.ccscleaning.com\/mirror-cleaning\">Mirror cleaning<\/a><\/li>\r\n\t\t\t\t\t<li><a href=\"http:\/\/staging.ccscleaning.com\/window-cleaning-services\">Window Cleaning<\/a><\/li>\r\n\t\t\t\t\t<li><a href=\"http:\/\/staging.ccscleaning.com\/high-glass-cleaning\">High glass cleaning<\/a><\/li>\r\n\t\t\t\t\t<li><a href=\"http:\/\/staging.ccscleaning.com\/high-dusting\">High dusting<\/a><\/li>\r\n\t\t\t\t\t<li><a href=\"http:\/\/staging.ccscleaning.com\/mopping\">Mopping<\/a><\/li>\r\n\t\t\t\t<\/ul>\r\n\t\t\t<\/div>\t\t\t\r\n\t\t<\/div>\r\n\t\t<div class=\"clearfix\"><\/div>\r\n\t<\/div>\r\n<\/section>\r\n","protected":false},"excerpt":{"rendered":"<p>Mopping CONTACT US Mopping While not the most glamourous of cleaning tasks, effective mopping can totally transform the look of a business. Choosing the right kind of mop for the floor surface is an important consideration when mopping a premises. At CCS we have a wide range of mops and floor cleaning tools which when&#8230;  <a href=\"https:\/\/staging.ccscleaning.com\/fr\/mopping\/\" class=\"more-link\" title=\"Read Mopping\">Read more &raquo;<\/a><\/p>\n","protected":false},"author":1,"featured_media":0,"parent":0,"menu_order":0,"comment_status":"closed","ping_status":"closed","template":"page-templates\/page-others-services.php","meta":{"footnotes":""},"acf":[],"yoast_head":"<!-- This site is optimized with the Yoast SEO plugin v21.9.1 - https:\/\/yoast.com\/wordpress\/plugins\/seo\/ -->\n<title>\u00c9ponger Services | D&#039;entreprise \u00c9tage \u00c9ponger | CCS Cleaning<\/title>\n<meta name=\"description\" content=\"\u00c9ponger aide \u00e0 garder les planchers de votre entreprise propre. Nos professionnels hautement qualifi\u00e9s du CCS sont pr\u00eats \u00e0 r\u00e9pondre \u00e0 vos besoins en mati\u00e8re de nettoyage. Renseignez-vous maintenant!\" \/>\n<meta name=\"robots\" content=\"index, follow, max-snippet:-1, max-image-preview:large, max-video-preview:-1\" \/>\n<link rel=\"canonical\" href=\"https:\/\/staging.ccscleaning.com\/fr\/mopping\/\" \/>\n<meta property=\"og:locale\" content=\"fr_FR\" \/>\n<meta property=\"og:type\" content=\"article\" \/>\n<meta property=\"og:title\" content=\"\u00c9ponger Services | D&#039;entreprise \u00c9tage \u00c9ponger | CCS Cleaning\" \/>\n<meta property=\"og:description\" content=\"\u00c9ponger aide \u00e0 garder les planchers de votre entreprise propre. Nos professionnels hautement qualifi\u00e9s du CCS sont pr\u00eats \u00e0 r\u00e9pondre \u00e0 vos besoins en mati\u00e8re de nettoyage. Renseignez-vous maintenant!\" \/>\n<meta property=\"og:url\" content=\"https:\/\/staging.ccscleaning.com\/fr\/mopping\/\" \/>\n<meta property=\"og:site_name\" content=\"CCS Cleaning French\" \/>\n<meta property=\"article:modified_time\" content=\"2025-08-19T09:12:49+00:00\" \/>\n<meta property=\"og:image\" content=\"http:\/\/staging.ccscleaning.com\/fr\/wp-content\/uploads\/sites\/5\/2018\/12\/mopping-banner-e1553268274407.jpg\" \/>\n<meta name=\"twitter:card\" content=\"summary_large_image\" \/>\n<meta name=\"twitter:label1\" content=\"Dur\u00e9e de lecture est.\" \/>\n\t<meta name=\"twitter:data1\" content=\"1 minute\" \/>\n<!-- \/ Yoast SEO plugin. -->","yoast_head_json":{"title":"\u00c9ponger Services | D'entreprise \u00c9tage \u00c9ponger | CCS Cleaning","description":"\u00c9ponger aide \u00e0 garder les planchers de votre entreprise propre. Nos professionnels hautement qualifi\u00e9s du CCS sont pr\u00eats \u00e0 r\u00e9pondre \u00e0 vos besoins en mati\u00e8re de nettoyage. Renseignez-vous maintenant!","robots":{"index":"index","follow":"follow","max-snippet":"max-snippet:-1","max-image-preview":"max-image-preview:large","max-video-preview":"max-video-preview:-1"},"canonical":"https:\/\/staging.ccscleaning.com\/fr\/mopping\/","og_locale":"fr_FR","og_type":"article","og_title":"\u00c9ponger Services | D'entreprise \u00c9tage \u00c9ponger | CCS Cleaning","og_description":"\u00c9ponger aide \u00e0 garder les planchers de votre entreprise propre. Nos professionnels hautement qualifi\u00e9s du CCS sont pr\u00eats \u00e0 r\u00e9pondre \u00e0 vos besoins en mati\u00e8re de nettoyage. Renseignez-vous maintenant!","og_url":"https:\/\/staging.ccscleaning.com\/fr\/mopping\/","og_site_name":"CCS Cleaning French","article_modified_time":"2025-08-19T09:12:49+00:00","og_image":[{"url":"http:\/\/staging.ccscleaning.com\/fr\/wp-content\/uploads\/sites\/5\/2018\/12\/mopping-banner-e1553268274407.jpg"}],"twitter_card":"summary_large_image","twitter_misc":{"Dur\u00e9e de lecture est.":"1 minute"},"schema":{"@context":"https:\/\/schema.org","@graph":[{"@type":"WebPage","@id":"https:\/\/staging.ccscleaning.com\/fr\/mopping\/","url":"https:\/\/staging.ccscleaning.com\/fr\/mopping\/","name":"\u00c9ponger Services | D'entreprise \u00c9tage \u00c9ponger | CCS Cleaning","isPartOf":{"@id":"https:\/\/staging.ccscleaning.com\/fr\/#website"},"datePublished":"2018-10-13T07:03:22+00:00","dateModified":"2025-08-19T09:12:49+00:00","description":"\u00c9ponger aide \u00e0 garder les planchers de votre entreprise propre. Nos professionnels hautement qualifi\u00e9s du CCS sont pr\u00eats \u00e0 r\u00e9pondre \u00e0 vos besoins en mati\u00e8re de nettoyage. Renseignez-vous maintenant!","breadcrumb":{"@id":"https:\/\/staging.ccscleaning.com\/fr\/mopping\/#breadcrumb"},"inLanguage":"fr-FR","potentialAction":[{"@type":"ReadAction","target":["https:\/\/staging.ccscleaning.com\/fr\/mopping\/"]}]},{"@type":"BreadcrumbList","@id":"https:\/\/staging.ccscleaning.com\/fr\/mopping\/#breadcrumb","itemListElement":[{"@type":"ListItem","position":1,"name":"Accueil","item":"https:\/\/staging.ccscleaning.com\/fr\/"},{"@type":"ListItem","position":2,"name":"Mopping"}]},{"@type":"WebSite","@id":"https:\/\/staging.ccscleaning.com\/fr\/#website","url":"https:\/\/staging.ccscleaning.com\/fr\/","name":"CCS Cleaning French","description":"","potentialAction":[{"@type":"SearchAction","target":{"@type":"EntryPoint","urlTemplate":"https:\/\/staging.ccscleaning.com\/fr\/?s={search_term_string}"},"query-input":"required name=search_term_string"}],"inLanguage":"fr-FR"}]}},"_links":{"self":[{"href":"https:\/\/staging.ccscleaning.com\/fr\/wp-json\/wp\/v2\/pages\/2421"}],"collection":[{"href":"https:\/\/staging.ccscleaning.com\/fr\/wp-json\/wp\/v2\/pages"}],"about":[{"href":"https:\/\/staging.ccscleaning.com\/fr\/wp-json\/wp\/v2\/types\/page"}],"author":[{"embeddable":true,"href":"https:\/\/staging.ccscleaning.com\/fr\/wp-json\/wp\/v2\/users\/1"}],"replies":[{"embeddable":true,"href":"https:\/\/staging.ccscleaning.com\/fr\/wp-json\/wp\/v2\/comments?post=2421"}],"version-history":[{"count":5,"href":"https:\/\/staging.ccscleaning.com\/fr\/wp-json\/wp\/v2\/pages\/2421\/revisions"}],"predecessor-version":[{"id":7150,"href":"https:\/\/staging.ccscleaning.com\/fr\/wp-json\/wp\/v2\/pages\/2421\/revisions\/7150"}],"wp:attachment":[{"href":"https:\/\/staging.ccscleaning.com\/fr\/wp-json\/wp\/v2\/media?parent=2421"}],"curies":[{"name":"wp","href":"https:\/\/api.w.org\/{rel}","templated":true}]}}