{"id":2417,"date":"2018-10-13T07:00:05","date_gmt":"2018-10-13T07:00:05","guid":{"rendered":"http:\/\/staging.ccscleaning.com\/?page_id=2417"},"modified":"2025-08-19T09:12:50","modified_gmt":"2025-08-19T09:12:50","slug":"daily-dusting","status":"publish","type":"page","link":"https:\/\/staging.ccscleaning.com\/fr\/daily-dusting\/","title":{"rendered":"Daily Dusting"},"content":{"rendered":"<div class=\"container-fluid inner-banner-wrap\">\r\n\t<div class=\"row\">\r\n\t\t<img decoding=\"async\" src=\"http:\/\/staging.ccscleaning.com\/fr\/wp-content\/uploads\/sites\/5\/2018\/12\/daily-dusting-banner-1.jpg\" alt=\"Daily Dusting\" \/>\r\n\t\t<div class=\"inner-banner-cont\">\r\n\t\t\t<div class=\"container\">\r\n\t\t\t\t<div class=\"row\">\r\n\t\t\t\t\t<div class=\"col-lg-6\">\r\n\t\t\t\t\t\t<div class=\"inner-banner-left-content\">\r\n\t\t\t\t\t\t\t<h1>Daily Dusting<\/h1>\t\t\t\t\t\t\t\r\n\t\t\t\t\t\t<\/div>\r\n\t\t\t\t\t<\/div>\r\n\t\t\t\t\t<div class=\"col-lg-6\">\r\n\t\t\t\t\t\t<div class=\"banner-contact\">\r\n\t\t\t\t\t\t\t<h3>CONTACT US<\/h3>\r\n\t\t\t\t\t\t\t<div role=\"form\" class=\"wpcf7\" id=\"wpcf7-f2164-o1\" lang=\"en-US\" dir=\"ltr\">\n<div class=\"screen-reader-response\"><\/div>\n<form action=\"\/fr\/wp-json\/wp\/v2\/pages\/2417#wpcf7-f2164-o1\" method=\"post\" class=\"wpcf7-form\" novalidate=\"novalidate\">\n<div style=\"display: none;\">\n<input type=\"hidden\" name=\"_wpcf7\" value=\"2164\" \/>\n<input type=\"hidden\" name=\"_wpcf7_version\" value=\"5.0.5\" \/>\n<input type=\"hidden\" name=\"_wpcf7_locale\" value=\"en_US\" \/>\n<input type=\"hidden\" name=\"_wpcf7_unit_tag\" value=\"wpcf7-f2164-o1\" \/>\n<input type=\"hidden\" name=\"_wpcf7_container_post\" value=\"0\" \/>\n<\/div>\n<h3>Discutons de vos besoins en nettoyage<\/h3>\n<div class=\"form-group\">\n<span class=\"wpcf7-form-control-wrap votre-nom\"><input type=\"text\" name=\"votre-nom\" value=\"\" size=\"40\" class=\"wpcf7-form-control wpcf7-text wpcf7-validates-as-required form-control\" id=\"exampleFormControlInput1\" aria-required=\"true\" aria-invalid=\"false\" placeholder=\"Nom\" \/><\/span>\n<\/div>\n<div class=\"form-group\">\n<span class=\"wpcf7-form-control-wrap votre-entreprise\"><input type=\"text\" name=\"votre-entreprise\" value=\"\" size=\"40\" class=\"wpcf7-form-control wpcf7-text wpcf7-validates-as-required form-control\" id=\"exampleFormControlInput4\" aria-required=\"true\" aria-invalid=\"false\" placeholder=\"Nom de l&#039;entreprise\" \/><\/span>\n<\/div>\n<div class=\"form-group\">\n<span class=\"wpcf7-form-control-wrap votre-numero\"><input type=\"tel\" name=\"votre-numero\" value=\"\" size=\"40\" class=\"wpcf7-form-control wpcf7-text wpcf7-tel wpcf7-validates-as-required wpcf7-validates-as-tel form-control\" id=\"exampleFormControlInput2\" aria-required=\"true\" aria-invalid=\"false\" placeholder=\"T\u00e9l\u00e9phone\" \/><\/span>\n<\/div>\n<div class=\"form-group\">\n<span class=\"wpcf7-form-control-wrap votre-email\"><input type=\"email\" name=\"votre-email\" value=\"\" size=\"40\" class=\"wpcf7-form-control wpcf7-text wpcf7-email wpcf7-validates-as-required wpcf7-validates-as-email form-control\" id=\"exampleFormControlInput3\" aria-required=\"true\" aria-invalid=\"false\" placeholder=\"Email\" \/><\/span>\n<\/div>\n<div class=\"form-group\">\n<span class=\"wpcf7-form-control-wrap votre-message\"><textarea name=\"votre-message\" cols=\"40\" rows=\"3\" class=\"wpcf7-form-control wpcf7-textarea form-control\" id=\"exampleFormControlTextarea1\" aria-invalid=\"false\" placeholder=\"Votre message\"><\/textarea><\/span>\n<\/div>\n<div class=\"btn-group\"><input type=\"submit\" value=\"Obtenir un devis maintenant\" class=\"wpcf7-form-control wpcf7-submit btn-submit\" \/><\/div>\n<div class=\"wpcf7-response-output wpcf7-display-none\"><\/div><\/form><\/div>\r\n\t\t\t\t\t\t<\/div>\r\n\t\t\t\t\t<\/div>\r\n\t\t\t\t\t<div class=\"clearfix\"><\/div>\r\n\t\t\t\t<\/div>\r\n\t\t\t<\/div>\r\n\t\t<\/div>\r\n\t<\/div>\r\n<\/div>\r\n<section class=\"spec-wraper\">\r\n\t<div class=\"container\">\r\n\t\t<div class=\"col-lg-8\">\r\n\t\t\t<fieldset>\r\n\t\t\t\t<h3>Daily Dusting<\/h3>\r\n\t\t\t\t<hr \/>\t\r\n<p>When it comes to cleaning there are some tasks that just can not be neglected. Daily dusting is one of those tasks that should be carried out every day. By doing so each day dust and debris will not accumulate and your surfaces will always be presentable.<\/p>\r\n<p>CCS are consummate professionals in all areas of their business, so you can rest assured that dust will no longer be an issue when using CCS.<\/p>\r\n<p>CCS\u2019 cleaning operatives are highly trained people with experience and the very best equipment at their disposal.<\/p>\r\n<\/fieldset>\r\n\t\t\t\r\n\t\t<\/div>\r\n\t\t<div class=\"col-lg-4\">\r\n\t\t\t<div class=\"proposal-result-sec\">\r\n\t\t\t\t<h3>Related Services<\/h3>\r\n\t\t\t\t<ul>\r\n\t\t\t\t\t<li><a href=\"http:\/\/staging.ccscleaning.com\/daily-dusting\">Daily dusting<\/a><\/li>\r\n\t\t\t\t\t<li><a href=\"http:\/\/staging.ccscleaning.com\/mirror-cleaning\">Mirror cleaning<\/a><\/li>\r\n\t\t\t\t\t<li><a href=\"http:\/\/staging.ccscleaning.com\/window-cleaning-services\">Window Cleaning<\/a><\/li>\r\n\t\t\t\t\t<li><a href=\"http:\/\/staging.ccscleaning.com\/high-glass-cleaning\">High glass cleaning<\/a><\/li>\r\n\t\t\t\t\t<li><a href=\"http:\/\/staging.ccscleaning.com\/high-dusting\">High dusting<\/a><\/li>\r\n\t\t\t\t\t<li><a href=\"http:\/\/staging.ccscleaning.com\/mopping\">Mopping<\/a><\/li>\r\n\t\t\t\t<\/ul>\r\n\t\t\t<\/div>\t\t\t\r\n\t\t<\/div>\r\n\t\t<div class=\"clearfix\"><\/div>\r\n\t<\/div>\r\n<\/section>\r\n","protected":false},"excerpt":{"rendered":"<p>Daily Dusting CONTACT US Daily Dusting When it comes to cleaning there are some tasks that just can not be neglected. Daily dusting is one of those tasks that should be carried out every day. By doing so each day dust and debris will not accumulate and your surfaces will always be presentable. CCS are&#8230;  <a href=\"https:\/\/staging.ccscleaning.com\/fr\/daily-dusting\/\" class=\"more-link\" title=\"Read Daily Dusting\">Read more &raquo;<\/a><\/p>\n","protected":false},"author":1,"featured_media":0,"parent":0,"menu_order":0,"comment_status":"closed","ping_status":"closed","template":"page-templates\/page-others-services.php","meta":{"footnotes":""},"acf":[],"yoast_head":"<!-- This site is optimized with the Yoast SEO plugin v21.9.1 - https:\/\/yoast.com\/wordpress\/plugins\/seo\/ -->\n<title>D\u00e9poussi\u00e9rage quotidien pour les entreprises | Traitement de la poussi\u00e8re<\/title>\n<meta name=\"description\" content=\"Embauchez des experts en nettoyage CSS pour le d\u00e9poussi\u00e9rage quotidien des bureaux gr\u00e2ce aux solutions de traitement des poussi\u00e8res qui rendent vos locaux pr\u00e9sentables.\" \/>\n<meta name=\"robots\" content=\"index, follow, max-snippet:-1, max-image-preview:large, max-video-preview:-1\" \/>\n<link rel=\"canonical\" href=\"https:\/\/staging.ccscleaning.com\/fr\/daily-dusting\/\" \/>\n<meta property=\"og:locale\" content=\"fr_FR\" \/>\n<meta property=\"og:type\" content=\"article\" \/>\n<meta property=\"og:title\" content=\"D\u00e9poussi\u00e9rage quotidien pour les entreprises | Traitement de la poussi\u00e8re\" \/>\n<meta property=\"og:description\" content=\"Embauchez des experts en nettoyage CSS pour le d\u00e9poussi\u00e9rage quotidien des bureaux gr\u00e2ce aux solutions de traitement des poussi\u00e8res qui rendent vos locaux pr\u00e9sentables.\" \/>\n<meta property=\"og:url\" content=\"https:\/\/staging.ccscleaning.com\/fr\/daily-dusting\/\" \/>\n<meta property=\"og:site_name\" content=\"CCS Cleaning French\" \/>\n<meta property=\"article:modified_time\" content=\"2025-08-19T09:12:50+00:00\" \/>\n<meta property=\"og:image\" content=\"http:\/\/staging.ccscleaning.com\/fr\/wp-content\/uploads\/sites\/5\/2018\/12\/daily-dusting-banner-1.jpg\" \/>\n<meta name=\"twitter:card\" content=\"summary_large_image\" \/>\n<meta name=\"twitter:label1\" content=\"Dur\u00e9e de lecture est.\" \/>\n\t<meta name=\"twitter:data1\" content=\"1 minute\" \/>\n<!-- \/ Yoast SEO plugin. -->","yoast_head_json":{"title":"D\u00e9poussi\u00e9rage quotidien pour les entreprises | Traitement de la poussi\u00e8re","description":"Embauchez des experts en nettoyage CSS pour le d\u00e9poussi\u00e9rage quotidien des bureaux gr\u00e2ce aux solutions de traitement des poussi\u00e8res qui rendent vos locaux pr\u00e9sentables.","robots":{"index":"index","follow":"follow","max-snippet":"max-snippet:-1","max-image-preview":"max-image-preview:large","max-video-preview":"max-video-preview:-1"},"canonical":"https:\/\/staging.ccscleaning.com\/fr\/daily-dusting\/","og_locale":"fr_FR","og_type":"article","og_title":"D\u00e9poussi\u00e9rage quotidien pour les entreprises | Traitement de la poussi\u00e8re","og_description":"Embauchez des experts en nettoyage CSS pour le d\u00e9poussi\u00e9rage quotidien des bureaux gr\u00e2ce aux solutions de traitement des poussi\u00e8res qui rendent vos locaux pr\u00e9sentables.","og_url":"https:\/\/staging.ccscleaning.com\/fr\/daily-dusting\/","og_site_name":"CCS Cleaning French","article_modified_time":"2025-08-19T09:12:50+00:00","og_image":[{"url":"http:\/\/staging.ccscleaning.com\/fr\/wp-content\/uploads\/sites\/5\/2018\/12\/daily-dusting-banner-1.jpg"}],"twitter_card":"summary_large_image","twitter_misc":{"Dur\u00e9e de lecture est.":"1 minute"},"schema":{"@context":"https:\/\/schema.org","@graph":[{"@type":"WebPage","@id":"https:\/\/staging.ccscleaning.com\/fr\/daily-dusting\/","url":"https:\/\/staging.ccscleaning.com\/fr\/daily-dusting\/","name":"D\u00e9poussi\u00e9rage quotidien pour les entreprises | Traitement de la poussi\u00e8re","isPartOf":{"@id":"https:\/\/staging.ccscleaning.com\/fr\/#website"},"datePublished":"2018-10-13T07:00:05+00:00","dateModified":"2025-08-19T09:12:50+00:00","description":"Embauchez des experts en nettoyage CSS pour le d\u00e9poussi\u00e9rage quotidien des bureaux gr\u00e2ce aux solutions de traitement des poussi\u00e8res qui rendent vos locaux pr\u00e9sentables.","breadcrumb":{"@id":"https:\/\/staging.ccscleaning.com\/fr\/daily-dusting\/#breadcrumb"},"inLanguage":"fr-FR","potentialAction":[{"@type":"ReadAction","target":["https:\/\/staging.ccscleaning.com\/fr\/daily-dusting\/"]}]},{"@type":"BreadcrumbList","@id":"https:\/\/staging.ccscleaning.com\/fr\/daily-dusting\/#breadcrumb","itemListElement":[{"@type":"ListItem","position":1,"name":"Accueil","item":"https:\/\/staging.ccscleaning.com\/fr\/"},{"@type":"ListItem","position":2,"name":"Daily Dusting"}]},{"@type":"WebSite","@id":"https:\/\/staging.ccscleaning.com\/fr\/#website","url":"https:\/\/staging.ccscleaning.com\/fr\/","name":"CCS Cleaning French","description":"","potentialAction":[{"@type":"SearchAction","target":{"@type":"EntryPoint","urlTemplate":"https:\/\/staging.ccscleaning.com\/fr\/?s={search_term_string}"},"query-input":"required name=search_term_string"}],"inLanguage":"fr-FR"}]}},"_links":{"self":[{"href":"https:\/\/staging.ccscleaning.com\/fr\/wp-json\/wp\/v2\/pages\/2417"}],"collection":[{"href":"https:\/\/staging.ccscleaning.com\/fr\/wp-json\/wp\/v2\/pages"}],"about":[{"href":"https:\/\/staging.ccscleaning.com\/fr\/wp-json\/wp\/v2\/types\/page"}],"author":[{"embeddable":true,"href":"https:\/\/staging.ccscleaning.com\/fr\/wp-json\/wp\/v2\/users\/1"}],"replies":[{"embeddable":true,"href":"https:\/\/staging.ccscleaning.com\/fr\/wp-json\/wp\/v2\/comments?post=2417"}],"version-history":[{"count":4,"href":"https:\/\/staging.ccscleaning.com\/fr\/wp-json\/wp\/v2\/pages\/2417\/revisions"}],"predecessor-version":[{"id":7154,"href":"https:\/\/staging.ccscleaning.com\/fr\/wp-json\/wp\/v2\/pages\/2417\/revisions\/7154"}],"wp:attachment":[{"href":"https:\/\/staging.ccscleaning.com\/fr\/wp-json\/wp\/v2\/media?parent=2417"}],"curies":[{"name":"wp","href":"https:\/\/api.w.org\/{rel}","templated":true}]}}