{"id":3619,"date":"2019-07-30T09:15:53","date_gmt":"2019-07-30T09:15:53","guid":{"rendered":"http:\/\/staging.ccscleaning.com\/?page_id=3619"},"modified":"2025-08-19T07:05:43","modified_gmt":"2025-08-19T07:05:43","slug":"audits","status":"publish","type":"page","link":"https:\/\/staging.ccscleaning.com\/de\/audits\/","title":{"rendered":"Audits"},"content":{"rendered":"","protected":false},"excerpt":{"rendered":"","protected":false},"author":1,"featured_media":0,"parent":0,"menu_order":0,"comment_status":"closed","ping_status":"closed","template":"page-templates\/page-solutions-audits.php","meta":{"footnotes":""},"acf":[],"yoast_head":"<!-- This site is optimized with the Yoast SEO plugin v21.9.1 - https:\/\/yoast.com\/wordpress\/plugins\/seo\/ -->\n<title>CCS-Auditteams | Reinigungsservice-Audit<\/title>\n<meta name=\"description\" content=\"Die CCS-Auditteams arbeiten mit Kunden zusammen und bieten Beratung und Unterst\u00fctzung. Sie gew\u00e4hrleisten auch einen hohen Reinigungsstandard f\u00fcr ihren Gesch\u00e4ftstyp.\" \/>\n<meta name=\"robots\" content=\"index, follow, max-snippet:-1, max-image-preview:large, max-video-preview:-1\" \/>\n<link rel=\"canonical\" href=\"https:\/\/staging.ccscleaning.com\/de\/audits\/\" \/>\n<meta property=\"og:locale\" content=\"de_DE\" \/>\n<meta property=\"og:type\" content=\"article\" \/>\n<meta property=\"og:title\" content=\"CCS-Auditteams | Reinigungsservice-Audit\" \/>\n<meta property=\"og:description\" content=\"Die CCS-Auditteams arbeiten mit Kunden zusammen und bieten Beratung und Unterst\u00fctzung. Sie gew\u00e4hrleisten auch einen hohen Reinigungsstandard f\u00fcr ihren Gesch\u00e4ftstyp.\" \/>\n<meta property=\"og:url\" content=\"https:\/\/staging.ccscleaning.com\/de\/audits\/\" \/>\n<meta property=\"og:site_name\" content=\"CCS Cleaning German\" \/>\n<meta property=\"article:modified_time\" content=\"2025-08-19T07:05:43+00:00\" \/>\n<meta name=\"twitter:card\" content=\"summary_large_image\" \/>\n<!-- \/ Yoast SEO plugin. -->","yoast_head_json":{"title":"CCS-Auditteams | Reinigungsservice-Audit","description":"Die CCS-Auditteams arbeiten mit Kunden zusammen und bieten Beratung und Unterst\u00fctzung. Sie gew\u00e4hrleisten auch einen hohen Reinigungsstandard f\u00fcr ihren Gesch\u00e4ftstyp.","robots":{"index":"index","follow":"follow","max-snippet":"max-snippet:-1","max-image-preview":"max-image-preview:large","max-video-preview":"max-video-preview:-1"},"canonical":"https:\/\/staging.ccscleaning.com\/de\/audits\/","og_locale":"de_DE","og_type":"article","og_title":"CCS-Auditteams | Reinigungsservice-Audit","og_description":"Die CCS-Auditteams arbeiten mit Kunden zusammen und bieten Beratung und Unterst\u00fctzung. Sie gew\u00e4hrleisten auch einen hohen Reinigungsstandard f\u00fcr ihren Gesch\u00e4ftstyp.","og_url":"https:\/\/staging.ccscleaning.com\/de\/audits\/","og_site_name":"CCS Cleaning German","article_modified_time":"2025-08-19T07:05:43+00:00","twitter_card":"summary_large_image","schema":{"@context":"https:\/\/schema.org","@graph":[{"@type":"WebPage","@id":"https:\/\/staging.ccscleaning.com\/de\/audits\/","url":"https:\/\/staging.ccscleaning.com\/de\/audits\/","name":"CCS-Auditteams | Reinigungsservice-Audit","isPartOf":{"@id":"https:\/\/staging.ccscleaning.com\/de\/#website"},"datePublished":"2019-07-30T09:15:53+00:00","dateModified":"2025-08-19T07:05:43+00:00","description":"Die CCS-Auditteams arbeiten mit Kunden zusammen und bieten Beratung und Unterst\u00fctzung. Sie gew\u00e4hrleisten auch einen hohen Reinigungsstandard f\u00fcr ihren Gesch\u00e4ftstyp.","breadcrumb":{"@id":"https:\/\/staging.ccscleaning.com\/de\/audits\/#breadcrumb"},"inLanguage":"de-DE","potentialAction":[{"@type":"ReadAction","target":["https:\/\/staging.ccscleaning.com\/de\/audits\/"]}]},{"@type":"BreadcrumbList","@id":"https:\/\/staging.ccscleaning.com\/de\/audits\/#breadcrumb","itemListElement":[{"@type":"ListItem","position":1,"name":"Startseite","item":"https:\/\/staging.ccscleaning.com\/de\/"},{"@type":"ListItem","position":2,"name":"Audits"}]},{"@type":"WebSite","@id":"https:\/\/staging.ccscleaning.com\/de\/#website","url":"https:\/\/staging.ccscleaning.com\/de\/","name":"CCS Cleaning German","description":"","potentialAction":[{"@type":"SearchAction","target":{"@type":"EntryPoint","urlTemplate":"https:\/\/staging.ccscleaning.com\/de\/?s={search_term_string}"},"query-input":"required name=search_term_string"}],"inLanguage":"de-DE"}]}},"_links":{"self":[{"href":"https:\/\/staging.ccscleaning.com\/de\/wp-json\/wp\/v2\/pages\/3619"}],"collection":[{"href":"https:\/\/staging.ccscleaning.com\/de\/wp-json\/wp\/v2\/pages"}],"about":[{"href":"https:\/\/staging.ccscleaning.com\/de\/wp-json\/wp\/v2\/types\/page"}],"author":[{"embeddable":true,"href":"https:\/\/staging.ccscleaning.com\/de\/wp-json\/wp\/v2\/users\/1"}],"replies":[{"embeddable":true,"href":"https:\/\/staging.ccscleaning.com\/de\/wp-json\/wp\/v2\/comments?post=3619"}],"version-history":[{"count":7,"href":"https:\/\/staging.ccscleaning.com\/de\/wp-json\/wp\/v2\/pages\/3619\/revisions"}],"predecessor-version":[{"id":7423,"href":"https:\/\/staging.ccscleaning.com\/de\/wp-json\/wp\/v2\/pages\/3619\/revisions\/7423"}],"wp:attachment":[{"href":"https:\/\/staging.ccscleaning.com\/de\/wp-json\/wp\/v2\/media?parent=3619"}],"curies":[{"name":"wp","href":"https:\/\/api.w.org\/{rel}","templated":true}]}}