{"id":2430,"date":"2018-10-13T07:08:47","date_gmt":"2018-10-13T07:08:47","guid":{"rendered":"http:\/\/staging.ccscleaning.com\/?page_id=2430"},"modified":"2025-08-19T07:05:45","modified_gmt":"2025-08-19T07:05:45","slug":"mirror-cleaning","status":"publish","type":"page","link":"https:\/\/staging.ccscleaning.com\/de\/mirror-cleaning\/","title":{"rendered":"Mirror Cleaning"},"content":{"rendered":"<div class=\"container-fluid inner-banner-wrap\">\r\n\t<div class=\"row\">\r\n\t\t<img decoding=\"async\" src=\"http:\/\/staging.ccscleaning.com\/de\/wp-content\/uploads\/sites\/3\/2018\/12\/mirror-cleaning-banner-1.jpg\" alt=\"Mirror Cleaning\" \/>\r\n\t\t<div class=\"inner-banner-cont\">\r\n\t\t\t<div class=\"container\">\r\n\t\t\t\t<div class=\"row\">\r\n\t\t\t\t\t<div class=\"col-lg-6\">\r\n\t\t\t\t\t\t<div class=\"inner-banner-left-content\">\r\n\t\t\t\t\t\t\t<h1>Mirror Cleaning<\/h1>\t\t\t\t\t\t\t\r\n\t\t\t\t\t\t<\/div>\r\n\t\t\t\t\t<\/div>\r\n\t\t\t\t\t<div class=\"col-lg-6\">\r\n\t\t\t\t\t\t<div class=\"banner-contact\">\r\n\t\t\t\t\t\t\t<h3>CONTACT US<\/h3>\r\n\t\t\t\t\t\t\t<div role=\"form\" class=\"wpcf7\" id=\"wpcf7-f2164-o1\" lang=\"en-US\" dir=\"ltr\">\n<div class=\"screen-reader-response\"><\/div>\n<form action=\"\/de\/wp-json\/wp\/v2\/pages\/2430#wpcf7-f2164-o1\" method=\"post\" class=\"wpcf7-form\" novalidate=\"novalidate\">\n<div style=\"display: none;\">\n<input type=\"hidden\" name=\"_wpcf7\" value=\"2164\" \/>\n<input type=\"hidden\" name=\"_wpcf7_version\" value=\"5.0.5\" \/>\n<input type=\"hidden\" name=\"_wpcf7_locale\" value=\"en_US\" \/>\n<input type=\"hidden\" name=\"_wpcf7_unit_tag\" value=\"wpcf7-f2164-o1\" \/>\n<input type=\"hidden\" name=\"_wpcf7_container_post\" value=\"0\" \/>\n<\/div>\n<h3>Lassen Sie uns \u00fcber Ihre Reinigungsanforderungen sprechen<\/h3>\n<div class=\"form-group\">\n<span class=\"wpcf7-form-control-wrap Ihr\"><input type=\"text\" name=\"Ihr\" value=\"\" size=\"40\" class=\"wpcf7-form-control wpcf7-text wpcf7-validates-as-required form-control\" id=\"exampleFormControlInput1\" aria-required=\"true\" aria-invalid=\"false\" placeholder=\"Name\" \/><\/span>\n<\/div>\n<div class=\"form-group\">\n<span class=\"wpcf7-form-control-wrap Ihre\"><input type=\"text\" name=\"Ihre\" value=\"\" size=\"40\" class=\"wpcf7-form-control wpcf7-text wpcf7-validates-as-required form-control\" id=\"exampleFormControlInput4\" aria-required=\"true\" aria-invalid=\"false\" placeholder=\"Firmenname\" \/><\/span>\n<\/div>\n<div class=\"form-group\">\n<span class=\"wpcf7-form-control-wrap tel-759\"><input type=\"tel\" name=\"tel-759\" value=\"\" size=\"40\" class=\"wpcf7-form-control wpcf7-text wpcf7-tel wpcf7-validates-as-required wpcf7-validates-as-tel form-control\" id=\"exampleFormControlInput2\" aria-required=\"true\" aria-invalid=\"false\" placeholder=\"Telefon\" \/><\/span>\n<\/div>\n<div class=\"form-group\">\n<span class=\"wpcf7-form-control-wrap email-829\"><input type=\"email\" name=\"email-829\" value=\"\" size=\"40\" class=\"wpcf7-form-control wpcf7-text wpcf7-email wpcf7-validates-as-required wpcf7-validates-as-email form-control\" id=\"exampleFormControlInput3\" aria-required=\"true\" aria-invalid=\"false\" placeholder=\"E-Mail\" \/><\/span>\n<\/div>\n<div class=\"form-group\">\n<span class=\"wpcf7-form-control-wrap textarea-346\"><textarea name=\"textarea-346\" cols=\"40\" rows=\"3\" class=\"wpcf7-form-control wpcf7-textarea form-control\" id=\"exampleFormControlTextarea1\" aria-invalid=\"false\" placeholder=\"Ihre Nachricht\"><\/textarea><\/span>\n<\/div>\n<div class=\"btn-group\"><input type=\"submit\" value=\"Jetzt Angebot anfordern\" class=\"wpcf7-form-control wpcf7-submit btn-submit\" \/><\/div>\n<div class=\"wpcf7-response-output wpcf7-display-none\"><\/div><\/form><\/div>\r\n\t\t\t\t\t\t<\/div>\r\n\t\t\t\t\t<\/div>\r\n\t\t\t\t\t<div class=\"clearfix\"><\/div>\r\n\t\t\t\t<\/div>\r\n\t\t\t<\/div>\r\n\t\t<\/div>\r\n\t<\/div>\r\n<\/div>\r\n<section class=\"spec-wraper\">\r\n\t<div class=\"container\">\r\n\t\t<div class=\"col-lg-8\">\r\n\t\t\t<fieldset>\r\n\t\t\t\t<h3>Mirror Cleaning<\/h3>\r\n\t\t\t\t<hr \/>\t\r\n<p>Whether you own a commercial business or an office space, you will understand the challenges of keeping mirrors in your premises looking their best.<\/p>\r\n<p>Unclean and smudged mirrors are unattractive and can detract from the overall appearance of your premises.<\/p>\r\n<p>CCS offer high-quality mirror cleaning services that are guaranteed to improve your business\u2019 appearance.<\/p>\r\n<p>With a combination of experienced cleaning operatives, the very best equipment and technology as well as great technical expertise, CCS offer an exceptionally professional service.<\/p>\r\n<\/fieldset>\r\n\t\t\t\r\n\t\t<\/div>\r\n\t\t<div class=\"col-lg-4\">\r\n\t\t\t<div class=\"proposal-result-sec\">\r\n\t\t\t\t<h3>Related Services<\/h3>\r\n\t\t\t\t<ul>\r\n\t\t\t\t\t<li><a href=\"http:\/\/staging.ccscleaning.com\/daily-dusting\">Daily dusting<\/a><\/li>\r\n\t\t\t\t\t<li><a href=\"http:\/\/staging.ccscleaning.com\/mirror-cleaning\">Mirror cleaning<\/a><\/li>\r\n\t\t\t\t\t<li><a href=\"http:\/\/staging.ccscleaning.com\/window-cleaning-services\">Window Cleaning<\/a><\/li>\r\n\t\t\t\t\t<li><a href=\"http:\/\/staging.ccscleaning.com\/high-glass-cleaning\">High glass cleaning<\/a><\/li>\r\n\t\t\t\t\t<li><a href=\"http:\/\/staging.ccscleaning.com\/high-dusting\">High dusting<\/a><\/li>\r\n\t\t\t\t\t<li><a href=\"http:\/\/staging.ccscleaning.com\/mopping\">Mopping<\/a><\/li>\r\n\t\t\t\t<\/ul>\r\n\t\t\t<\/div>\t\t\t\r\n\t\t<\/div>\r\n\t\t<div class=\"clearfix\"><\/div>\r\n\t<\/div>\r\n<\/section>\r\n","protected":false},"excerpt":{"rendered":"<p>Mirror Cleaning CONTACT US Mirror Cleaning Whether you own a commercial business or an office space, you will understand the challenges of keeping mirrors in your premises looking their best. Unclean and smudged mirrors are unattractive and can detract from the overall appearance of your premises. CCS offer high-quality mirror cleaning services that are guaranteed&#8230;  <a href=\"https:\/\/staging.ccscleaning.com\/de\/mirror-cleaning\/\" class=\"more-link\" title=\"Read Mirror Cleaning\">Read more &raquo;<\/a><\/p>\n","protected":false},"author":1,"featured_media":0,"parent":0,"menu_order":0,"comment_status":"closed","ping_status":"closed","template":"page-templates\/page-others-services.php","meta":{"footnotes":""},"acf":[],"yoast_head":"<!-- This site is optimized with the Yoast SEO plugin v21.9.1 - https:\/\/yoast.com\/wordpress\/plugins\/seo\/ -->\n<title>Spiegelreiniger | Spiegelreinigungsl\u00f6sung | CCS Cleaning<\/title>\n<meta name=\"description\" content=\"Nutzen Sie unseren professionellen Spiegelreiniger, um Ihr Gesch\u00e4ft Image zu verbessern. Suchen Sie die beste Spiegelreinigungsl\u00f6sung beim CCS Cleaning.\" \/>\n<meta name=\"robots\" content=\"index, follow, max-snippet:-1, max-image-preview:large, max-video-preview:-1\" \/>\n<link rel=\"canonical\" href=\"https:\/\/staging.ccscleaning.com\/de\/mirror-cleaning\/\" \/>\n<meta property=\"og:locale\" content=\"de_DE\" \/>\n<meta property=\"og:type\" content=\"article\" \/>\n<meta property=\"og:title\" content=\"Spiegelreiniger | Spiegelreinigungsl\u00f6sung | CCS Cleaning\" \/>\n<meta property=\"og:description\" content=\"Nutzen Sie unseren professionellen Spiegelreiniger, um Ihr Gesch\u00e4ft Image zu verbessern. Suchen Sie die beste Spiegelreinigungsl\u00f6sung beim CCS Cleaning.\" \/>\n<meta property=\"og:url\" content=\"https:\/\/staging.ccscleaning.com\/de\/mirror-cleaning\/\" \/>\n<meta property=\"og:site_name\" content=\"CCS Cleaning German\" \/>\n<meta property=\"article:modified_time\" content=\"2025-08-19T07:05:45+00:00\" \/>\n<meta property=\"og:image\" content=\"http:\/\/staging.ccscleaning.com\/de\/wp-content\/uploads\/sites\/3\/2018\/12\/mirror-cleaning-banner-1.jpg\" \/>\n<meta name=\"twitter:card\" content=\"summary_large_image\" \/>\n<meta name=\"twitter:label1\" content=\"Gesch\u00e4tzte Lesezeit\" \/>\n\t<meta name=\"twitter:data1\" content=\"1 Minute\" \/>\n<!-- \/ Yoast SEO plugin. -->","yoast_head_json":{"title":"Spiegelreiniger | Spiegelreinigungsl\u00f6sung | CCS Cleaning","description":"Nutzen Sie unseren professionellen Spiegelreiniger, um Ihr Gesch\u00e4ft Image zu verbessern. Suchen Sie die beste Spiegelreinigungsl\u00f6sung beim CCS Cleaning.","robots":{"index":"index","follow":"follow","max-snippet":"max-snippet:-1","max-image-preview":"max-image-preview:large","max-video-preview":"max-video-preview:-1"},"canonical":"https:\/\/staging.ccscleaning.com\/de\/mirror-cleaning\/","og_locale":"de_DE","og_type":"article","og_title":"Spiegelreiniger | Spiegelreinigungsl\u00f6sung | CCS Cleaning","og_description":"Nutzen Sie unseren professionellen Spiegelreiniger, um Ihr Gesch\u00e4ft Image zu verbessern. Suchen Sie die beste Spiegelreinigungsl\u00f6sung beim CCS Cleaning.","og_url":"https:\/\/staging.ccscleaning.com\/de\/mirror-cleaning\/","og_site_name":"CCS Cleaning German","article_modified_time":"2025-08-19T07:05:45+00:00","og_image":[{"url":"http:\/\/staging.ccscleaning.com\/de\/wp-content\/uploads\/sites\/3\/2018\/12\/mirror-cleaning-banner-1.jpg"}],"twitter_card":"summary_large_image","twitter_misc":{"Gesch\u00e4tzte Lesezeit":"1 Minute"},"schema":{"@context":"https:\/\/schema.org","@graph":[{"@type":"WebPage","@id":"https:\/\/staging.ccscleaning.com\/de\/mirror-cleaning\/","url":"https:\/\/staging.ccscleaning.com\/de\/mirror-cleaning\/","name":"Spiegelreiniger | Spiegelreinigungsl\u00f6sung | CCS Cleaning","isPartOf":{"@id":"https:\/\/staging.ccscleaning.com\/de\/#website"},"datePublished":"2018-10-13T07:08:47+00:00","dateModified":"2025-08-19T07:05:45+00:00","description":"Nutzen Sie unseren professionellen Spiegelreiniger, um Ihr Gesch\u00e4ft Image zu verbessern. Suchen Sie die beste Spiegelreinigungsl\u00f6sung beim CCS Cleaning.","breadcrumb":{"@id":"https:\/\/staging.ccscleaning.com\/de\/mirror-cleaning\/#breadcrumb"},"inLanguage":"de-DE","potentialAction":[{"@type":"ReadAction","target":["https:\/\/staging.ccscleaning.com\/de\/mirror-cleaning\/"]}]},{"@type":"BreadcrumbList","@id":"https:\/\/staging.ccscleaning.com\/de\/mirror-cleaning\/#breadcrumb","itemListElement":[{"@type":"ListItem","position":1,"name":"Startseite","item":"https:\/\/staging.ccscleaning.com\/de\/"},{"@type":"ListItem","position":2,"name":"Mirror Cleaning"}]},{"@type":"WebSite","@id":"https:\/\/staging.ccscleaning.com\/de\/#website","url":"https:\/\/staging.ccscleaning.com\/de\/","name":"CCS Cleaning German","description":"","potentialAction":[{"@type":"SearchAction","target":{"@type":"EntryPoint","urlTemplate":"https:\/\/staging.ccscleaning.com\/de\/?s={search_term_string}"},"query-input":"required name=search_term_string"}],"inLanguage":"de-DE"}]}},"_links":{"self":[{"href":"https:\/\/staging.ccscleaning.com\/de\/wp-json\/wp\/v2\/pages\/2430"}],"collection":[{"href":"https:\/\/staging.ccscleaning.com\/de\/wp-json\/wp\/v2\/pages"}],"about":[{"href":"https:\/\/staging.ccscleaning.com\/de\/wp-json\/wp\/v2\/types\/page"}],"author":[{"embeddable":true,"href":"https:\/\/staging.ccscleaning.com\/de\/wp-json\/wp\/v2\/users\/1"}],"replies":[{"embeddable":true,"href":"https:\/\/staging.ccscleaning.com\/de\/wp-json\/wp\/v2\/comments?post=2430"}],"version-history":[{"count":6,"href":"https:\/\/staging.ccscleaning.com\/de\/wp-json\/wp\/v2\/pages\/2430\/revisions"}],"predecessor-version":[{"id":7527,"href":"https:\/\/staging.ccscleaning.com\/de\/wp-json\/wp\/v2\/pages\/2430\/revisions\/7527"}],"wp:attachment":[{"href":"https:\/\/staging.ccscleaning.com\/de\/wp-json\/wp\/v2\/media?parent=2430"}],"curies":[{"name":"wp","href":"https:\/\/api.w.org\/{rel}","templated":true}]}}